{"id":1132,"date":"2025-07-02T14:59:13","date_gmt":"2025-07-02T12:59:13","guid":{"rendered":"https:\/\/ballpages.cat\/politica-de-cookies\/"},"modified":"2025-10-02T12:20:58","modified_gmt":"2025-10-02T10:20:58","slug":"politica-de-cookies","status":"publish","type":"page","link":"https:\/\/ballpages.cat\/es\/politica-de-cookies\/","title":{"rendered":"Pol\u00edtica de Cookies"},"content":{"rendered":"\t\t<div data-elementor-type=\"wp-page\" data-elementor-id=\"1132\" class=\"elementor elementor-1132 elementor-119\" data-elementor-post-type=\"page\">\n\t\t\t\t<div class=\"elementor-element elementor-element-288c0ae e-flex e-con-boxed e-con e-parent\" data-id=\"288c0ae\" data-element_type=\"container\" data-e-type=\"container\">\n\t\t\t\t\t<div class=\"e-con-inner\">\n\t\t\t\t<div class=\"elementor-element elementor-element-f5d1083 elementor-widget elementor-widget-text-editor\" data-id=\"f5d1083\" data-element_type=\"widget\" data-e-type=\"widget\" data-widget_type=\"text-editor.default\">\n\t\t\t\t\t\t\t\t\t<p data-start=\"2043\" data-end=\"2196\">El sitio web <code data-start=\"2055\" data-end=\"2070\">ballpages.cat<\/code> utiliza cookies propias y de terceros para mejorar la experiencia de navegaci\u00f3n y obtener estad\u00edsticas de uso de forma an\u00f3nima.<\/p><p data-start=\"2043\" data-end=\"2196\"><br><\/p><h3 data-start=\"2198\" data-end=\"2222\"><b>\u00bfQu\u00e9 son las cookies?<\/b><\/h3>\n<p data-start=\"2224\" data-end=\"2480\">Las cookies son peque\u00f1os archivos de texto que el navegador almacena en su dispositivo cuando visita determinados sitios web. Se utilizan para recordar preferencias, reconocer el idioma, mejorar el acceso y analizar el comportamiento de los usuarios dentro de la web. <\/p>\n<h3 data-start=\"2482\" data-end=\"2516\"><br><\/h3><h3 data-start=\"2482\" data-end=\"2516\"><b>Tipos de cookies que utilizamos<\/b><\/h3>\n<p data-start=\"2518\" data-end=\"2544\">Este sitio puede utilizar:<\/p>\n<p data-start=\"2546\" data-end=\"2584\"><strong data-start=\"2546\" data-end=\"2582\">Cookies t\u00e9cnicas (necesarias):<\/strong><\/p>\n<ul data-start=\"2585\" data-end=\"2771\">\n<li data-start=\"2585\" data-end=\"2657\">\n<p data-start=\"2587\" data-end=\"2657\">Permiten la navegaci\u00f3n por la web y el uso de sus funcionalidades.<\/p>\n<\/li>\n<li data-start=\"2658\" data-end=\"2771\">\n<p data-start=\"2660\" data-end=\"2771\">Incluyen, por ejemplo, cookies de sesi\u00f3n, de seguridad o de configuraci\u00f3n de idioma (como las generadas por WPML).<\/p>\n<\/li>\n<\/ul>\n<p data-start=\"2773\" data-end=\"2809\"><strong data-start=\"2773\" data-end=\"2807\">Cookies de an\u00e1lisis (opcionales):<\/strong><\/p>\n<ul data-start=\"2810\" data-end=\"3005\">\n<li data-start=\"2810\" data-end=\"2922\">\n<p data-start=\"2812\" data-end=\"2922\">Nos permiten conocer de forma an\u00f3nima c\u00f3mo se utiliza el sitio para mejorar su rendimiento y contenido.<\/p>\n<\/li>\n<li data-start=\"2923\" data-end=\"3005\">\n<p data-start=\"2925\" data-end=\"3005\">Ejemplos: Microsoft Clarity, Google Analytics (en caso de activarse en el futuro).<\/p>\n<\/li>\n<\/ul>\n<p data-start=\"3007\" data-end=\"3032\"><strong data-start=\"3007\" data-end=\"3030\">Cookies de terceros:<\/strong><\/p>\n<ul data-start=\"3033\" data-end=\"3157\">\n<li data-start=\"3033\" data-end=\"3157\">\n<p data-start=\"3035\" data-end=\"3157\">Es posible que incluyamos contenidos integrados de servicios como Microsoft Clarity, Google reCAPTCHA o servicios externos de an\u00e1lisis.<\/p>\n<\/li>\n<\/ul>\n<h3 data-start=\"3159\" data-end=\"3194\"><br><\/h3><h3 data-start=\"3159\" data-end=\"3194\"><b>\u00bfC\u00f3mo puede gestionar las cookies?<\/b><\/h3>\n<p data-start=\"3196\" data-end=\"3421\">Al acceder a nuestro sitio web, puede aceptar o rechazar el uso de cookies opcionales a trav\u00e9s del banner o configurador de cookies. Adem\u00e1s, puede configurar su navegador para bloquear o eliminar las cookies en cualquier momento. <\/p>\n<p data-start=\"3423\" data-end=\"3500\">Para m\u00e1s informaci\u00f3n sobre c\u00f3mo gestionar las cookies seg\u00fan su navegador:<\/p>\n<ul data-start=\"3501\" data-end=\"3757\">\n<li data-start=\"3501\" data-end=\"3559\">\n<p data-start=\"3503\" data-end=\"3559\"><a class=\"decorated-link cursor-pointer\" target=\"_new\" rel=\"noopener\" data-start=\"3503\" data-end=\"3559\">Chrome<\/a><\/p>\n<\/li>\n<li data-start=\"3560\" data-end=\"3627\">\n<p data-start=\"3562\" data-end=\"3627\"><a class=\"decorated-link cursor-pointer\" target=\"_new\" rel=\"noopener\" data-start=\"3562\" data-end=\"3627\">Firefox<\/a><\/p>\n<\/li>\n<li data-start=\"3628\" data-end=\"3698\">\n<p data-start=\"3630\" data-end=\"3698\"><a class=\"decorated-link cursor-pointer\" target=\"_new\" rel=\"noopener\" data-start=\"3630\" data-end=\"3698\">Safari<\/a><\/p>\n<\/li>\n<li data-start=\"3699\" data-end=\"3757\">\n<p data-start=\"3701\" data-end=\"3757\"><a class=\"decorated-link cursor-pointer\" target=\"_new\" rel=\"noopener\" data-start=\"3701\" data-end=\"3757\">Edge<\/a><\/p><\/li>\n<\/ul><div><br><\/div><div><br><\/div>\n<hr data-start=\"3759\" data-end=\"3762\">\n<p data-start=\"3764\" data-end=\"3906\"><br><\/p><p data-start=\"3764\" data-end=\"3906\">Estas pol\u00edticas pueden ser actualizadas peri\u00f3dicamente. Le recomendamos revisarlas de manera regular para estar al corriente de cualquier cambio. <\/p>\n<hr data-start=\"3908\" data-end=\"3911\">\n<p data-start=\"3913\" data-end=\"4094\" data-is-last-node=\"\" data-is-only-node=\"\">\n<\/p>\t\t\t\t\t\t\t\t<\/div>\n\t\t\t\t\t<\/div>\n\t\t\t\t<\/div>\n\t\t\t\t<\/div>\n\t\t","protected":false},"excerpt":{"rendered":"<p>El sitio web ballpages.cat utiliza cookies propias y de terceros para mejorar la experiencia de navegaci\u00f3n y obtener estad\u00edsticas de uso de forma an\u00f3nima. \u00bfQu\u00e9 son las cookies? Las cookies son peque\u00f1os archivos de texto que el navegador almacena en su dispositivo cuando visita determinados sitios web. Se utilizan para recordar preferencias, reconocer el idioma, [&hellip;]<\/p>\n","protected":false},"author":1,"featured_media":0,"parent":0,"menu_order":0,"comment_status":"closed","ping_status":"closed","template":"","meta":{"_acf_changed":false,"footnotes":""},"class_list":["post-1132","page","type-page","status-publish","hentry"],"acf":[],"yoast_head":"<!-- This site is optimized with the Yoast SEO plugin v27.1.1 - https:\/\/yoast.com\/product\/yoast-seo-wordpress\/ -->\n<title>Pol\u00edtica de Cookies &#8212; Federaci\u00f3 de Colles de Ball i Cultura Popular d&#039;Eivissa<\/title>\n<meta name=\"robots\" content=\"index, follow, max-snippet:-1, max-image-preview:large, max-video-preview:-1\" \/>\n<link rel=\"canonical\" href=\"https:\/\/ballpages.cat\/es\/politica-de-cookies\/\" \/>\n<meta property=\"og:locale\" content=\"es_ES\" \/>\n<meta property=\"og:type\" content=\"article\" \/>\n<meta property=\"og:title\" content=\"Pol\u00edtica de Cookies &#8212; Federaci\u00f3 de Colles de Ball i Cultura Popular d&#039;Eivissa\" \/>\n<meta property=\"og:description\" content=\"El sitio web ballpages.cat utiliza cookies propias y de terceros para mejorar la experiencia de navegaci\u00f3n y obtener estad\u00edsticas de uso de forma an\u00f3nima. \u00bfQu\u00e9 son las cookies? Las cookies son peque\u00f1os archivos de texto que el navegador almacena en su dispositivo cuando visita determinados sitios web. Se utilizan para recordar preferencias, reconocer el idioma, [&hellip;]\" \/>\n<meta property=\"og:url\" content=\"https:\/\/ballpages.cat\/es\/politica-de-cookies\/\" \/>\n<meta property=\"og:site_name\" content=\"Federaci\u00f3 de Colles de Ball i Cultura Popular d&#039;Eivissa\" \/>\n<meta property=\"article:publisher\" content=\"https:\/\/www.facebook.com\/profile.php?id=100064808673700\" \/>\n<meta property=\"article:modified_time\" content=\"2025-10-02T10:20:58+00:00\" \/>\n<meta property=\"og:image\" content=\"https:\/\/ballpages.cat\/wp-content\/uploads\/2025\/07\/participa_federacio-e1751636777110.jpg\" \/>\n\t<meta property=\"og:image:width\" content=\"1005\" \/>\n\t<meta property=\"og:image:height\" content=\"790\" \/>\n\t<meta property=\"og:image:type\" content=\"image\/jpeg\" \/>\n<meta name=\"twitter:card\" content=\"summary_large_image\" \/>\n<meta name=\"twitter:label1\" content=\"Tiempo de lectura\" \/>\n\t<meta name=\"twitter:data1\" content=\"1 minuto\" \/>\n<script type=\"application\/ld+json\" class=\"yoast-schema-graph\">{\"@context\":\"https:\/\/schema.org\",\"@graph\":[{\"@type\":\"WebPage\",\"@id\":\"https:\/\/ballpages.cat\/es\/politica-de-cookies\/\",\"url\":\"https:\/\/ballpages.cat\/es\/politica-de-cookies\/\",\"name\":\"Pol\u00edtica de Cookies &#8212; Federaci\u00f3 de Colles de Ball i Cultura Popular d&#039;Eivissa\",\"isPartOf\":{\"@id\":\"https:\/\/ballpages.cat\/es\/#website\"},\"datePublished\":\"2025-07-02T12:59:13+00:00\",\"dateModified\":\"2025-10-02T10:20:58+00:00\",\"breadcrumb\":{\"@id\":\"https:\/\/ballpages.cat\/es\/politica-de-cookies\/#breadcrumb\"},\"inLanguage\":\"es\",\"potentialAction\":[{\"@type\":\"ReadAction\",\"target\":[\"https:\/\/ballpages.cat\/es\/politica-de-cookies\/\"]}]},{\"@type\":\"BreadcrumbList\",\"@id\":\"https:\/\/ballpages.cat\/es\/politica-de-cookies\/#breadcrumb\",\"itemListElement\":[{\"@type\":\"ListItem\",\"position\":1,\"name\":\"Portada\",\"item\":\"https:\/\/ballpages.cat\/es\/\"},{\"@type\":\"ListItem\",\"position\":2,\"name\":\"Pol\u00edtica de Cookies\"}]},{\"@type\":\"WebSite\",\"@id\":\"https:\/\/ballpages.cat\/es\/#website\",\"url\":\"https:\/\/ballpages.cat\/es\/\",\"name\":\"Federaci\u00f3 de Colles de Ball i Cultura Popular d&#039;Eivissa\",\"description\":\"Preservam i promovem el folklore piti\u00fas\",\"publisher\":{\"@id\":\"https:\/\/ballpages.cat\/es\/#organization\"},\"potentialAction\":[{\"@type\":\"SearchAction\",\"target\":{\"@type\":\"EntryPoint\",\"urlTemplate\":\"https:\/\/ballpages.cat\/es\/?s={search_term_string}\"},\"query-input\":{\"@type\":\"PropertyValueSpecification\",\"valueRequired\":true,\"valueName\":\"search_term_string\"}}],\"inLanguage\":\"es\"},{\"@type\":\"Organization\",\"@id\":\"https:\/\/ballpages.cat\/es\/#organization\",\"name\":\"Federaci\u00f3 de Colles de Ball i Cultura Popular d'Eivissa\",\"alternateName\":\"Federaci\u00f3 de Collesfa\",\"url\":\"https:\/\/ballpages.cat\/es\/\",\"logo\":{\"@type\":\"ImageObject\",\"inLanguage\":\"es\",\"@id\":\"https:\/\/ballpages.cat\/es\/#\/schema\/logo\/image\/\",\"url\":\"https:\/\/ballpages.cat\/wp-content\/uploads\/2025\/07\/logo1-e1751461442972.jpg\",\"contentUrl\":\"https:\/\/ballpages.cat\/wp-content\/uploads\/2025\/07\/logo1-e1751461442972.jpg\",\"width\":595,\"height\":271,\"caption\":\"Federaci\u00f3 de Colles de Ball i Cultura Popular d'Eivissa\"},\"image\":{\"@id\":\"https:\/\/ballpages.cat\/es\/#\/schema\/logo\/image\/\"},\"sameAs\":[\"https:\/\/www.facebook.com\/profile.php?id=100064808673700\",\"https:\/\/www.instagram.com\/federaciodecolles\/\"]}]}<\/script>\n<!-- \/ Yoast SEO plugin. -->","yoast_head_json":{"title":"Pol\u00edtica de Cookies &#8212; Federaci\u00f3 de Colles de Ball i Cultura Popular d&#039;Eivissa","robots":{"index":"index","follow":"follow","max-snippet":"max-snippet:-1","max-image-preview":"max-image-preview:large","max-video-preview":"max-video-preview:-1"},"canonical":"https:\/\/ballpages.cat\/es\/politica-de-cookies\/","og_locale":"es_ES","og_type":"article","og_title":"Pol\u00edtica de Cookies &#8212; Federaci\u00f3 de Colles de Ball i Cultura Popular d&#039;Eivissa","og_description":"El sitio web ballpages.cat utiliza cookies propias y de terceros para mejorar la experiencia de navegaci\u00f3n y obtener estad\u00edsticas de uso de forma an\u00f3nima. \u00bfQu\u00e9 son las cookies? Las cookies son peque\u00f1os archivos de texto que el navegador almacena en su dispositivo cuando visita determinados sitios web. Se utilizan para recordar preferencias, reconocer el idioma, [&hellip;]","og_url":"https:\/\/ballpages.cat\/es\/politica-de-cookies\/","og_site_name":"Federaci\u00f3 de Colles de Ball i Cultura Popular d&#039;Eivissa","article_publisher":"https:\/\/www.facebook.com\/profile.php?id=100064808673700","article_modified_time":"2025-10-02T10:20:58+00:00","og_image":[{"width":1005,"height":790,"url":"https:\/\/ballpages.cat\/wp-content\/uploads\/2025\/07\/participa_federacio-e1751636777110.jpg","type":"image\/jpeg"}],"twitter_card":"summary_large_image","twitter_misc":{"Tiempo de lectura":"1 minuto"},"schema":{"@context":"https:\/\/schema.org","@graph":[{"@type":"WebPage","@id":"https:\/\/ballpages.cat\/es\/politica-de-cookies\/","url":"https:\/\/ballpages.cat\/es\/politica-de-cookies\/","name":"Pol\u00edtica de Cookies &#8212; Federaci\u00f3 de Colles de Ball i Cultura Popular d&#039;Eivissa","isPartOf":{"@id":"https:\/\/ballpages.cat\/es\/#website"},"datePublished":"2025-07-02T12:59:13+00:00","dateModified":"2025-10-02T10:20:58+00:00","breadcrumb":{"@id":"https:\/\/ballpages.cat\/es\/politica-de-cookies\/#breadcrumb"},"inLanguage":"es","potentialAction":[{"@type":"ReadAction","target":["https:\/\/ballpages.cat\/es\/politica-de-cookies\/"]}]},{"@type":"BreadcrumbList","@id":"https:\/\/ballpages.cat\/es\/politica-de-cookies\/#breadcrumb","itemListElement":[{"@type":"ListItem","position":1,"name":"Portada","item":"https:\/\/ballpages.cat\/es\/"},{"@type":"ListItem","position":2,"name":"Pol\u00edtica de Cookies"}]},{"@type":"WebSite","@id":"https:\/\/ballpages.cat\/es\/#website","url":"https:\/\/ballpages.cat\/es\/","name":"Federaci\u00f3 de Colles de Ball i Cultura Popular d&#039;Eivissa","description":"Preservam i promovem el folklore piti\u00fas","publisher":{"@id":"https:\/\/ballpages.cat\/es\/#organization"},"potentialAction":[{"@type":"SearchAction","target":{"@type":"EntryPoint","urlTemplate":"https:\/\/ballpages.cat\/es\/?s={search_term_string}"},"query-input":{"@type":"PropertyValueSpecification","valueRequired":true,"valueName":"search_term_string"}}],"inLanguage":"es"},{"@type":"Organization","@id":"https:\/\/ballpages.cat\/es\/#organization","name":"Federaci\u00f3 de Colles de Ball i Cultura Popular d'Eivissa","alternateName":"Federaci\u00f3 de Collesfa","url":"https:\/\/ballpages.cat\/es\/","logo":{"@type":"ImageObject","inLanguage":"es","@id":"https:\/\/ballpages.cat\/es\/#\/schema\/logo\/image\/","url":"https:\/\/ballpages.cat\/wp-content\/uploads\/2025\/07\/logo1-e1751461442972.jpg","contentUrl":"https:\/\/ballpages.cat\/wp-content\/uploads\/2025\/07\/logo1-e1751461442972.jpg","width":595,"height":271,"caption":"Federaci\u00f3 de Colles de Ball i Cultura Popular d'Eivissa"},"image":{"@id":"https:\/\/ballpages.cat\/es\/#\/schema\/logo\/image\/"},"sameAs":["https:\/\/www.facebook.com\/profile.php?id=100064808673700","https:\/\/www.instagram.com\/federaciodecolles\/"]}]}},"_links":{"self":[{"href":"https:\/\/ballpages.cat\/es\/wp-json\/wp\/v2\/pages\/1132","targetHints":{"allow":["GET"]}}],"collection":[{"href":"https:\/\/ballpages.cat\/es\/wp-json\/wp\/v2\/pages"}],"about":[{"href":"https:\/\/ballpages.cat\/es\/wp-json\/wp\/v2\/types\/page"}],"author":[{"embeddable":true,"href":"https:\/\/ballpages.cat\/es\/wp-json\/wp\/v2\/users\/1"}],"replies":[{"embeddable":true,"href":"https:\/\/ballpages.cat\/es\/wp-json\/wp\/v2\/comments?post=1132"}],"version-history":[{"count":1,"href":"https:\/\/ballpages.cat\/es\/wp-json\/wp\/v2\/pages\/1132\/revisions"}],"predecessor-version":[{"id":1133,"href":"https:\/\/ballpages.cat\/es\/wp-json\/wp\/v2\/pages\/1132\/revisions\/1133"}],"wp:attachment":[{"href":"https:\/\/ballpages.cat\/es\/wp-json\/wp\/v2\/media?parent=1132"}],"curies":[{"name":"wp","href":"https:\/\/api.w.org\/{rel}","templated":true}]}}